{"id":18,"date":"2026-04-13T04:05:12","date_gmt":"2026-04-13T04:05:12","guid":{"rendered":"https:\/\/motivated-pink-iguana.187-127-10-185.cpanel.site\/?page_id=18"},"modified":"2026-04-13T05:35:35","modified_gmt":"2026-04-13T05:35:35","slug":"inicio","status":"publish","type":"page","link":"https:\/\/motivated-pink-iguana.187-127-10-185.cpanel.site\/","title":{"rendered":"Inicio"},"content":{"rendered":"\n<div class=\"wp-block-query is-layout-flow wp-block-query-is-layout-flow\"><div class=\"wp-block-query-no-results\">\n\n<p class=\"has-text-align-center has-medium-font-size\">Noticias mineras en Argentina | Acero y Roca Magazine<\/p>\n\n<\/div><\/div>\n\n\n\n<div class=\"wp-block-query is-layout-flow wp-block-query-is-layout-flow\"><ul class=\"columns-3 wp-block-post-template is-layout-grid wp-container-core-post-template-is-layout-6d3fbd8f wp-block-post-template-is-layout-grid\"><li class=\"wp-block-post post-19537 post type-post status-publish format-standard has-post-thumbnail hentry category-mineria-san-juan tag-accidente-minero-san-juan tag-calingasta-mineria tag-investigacion-judicial-mineria tag-los-azules-accidente tag-mario-alancay tag-mcewen-copper tag-noticias-de-mineria-2 tag-uocra-san-juan tag-zlato-san-juan\">\n\n<div class=\"wp-block-group is-layout-flow wp-block-group-is-layout-flow\" style=\"padding-top:30px;padding-right:30px;padding-bottom:30px;padding-left:30px\"><h2 class=\"wp-block-post-title\"><a href=\"https:\/\/motivated-pink-iguana.187-127-10-185.cpanel.site\/2026\/04\/12\/caja-negra-topadora-accidente-los-azules-investigacion\/\" target=\"_self\" >Nuevos datos del accidente mortal en Los Azules: la caja negra es la clave<\/a><\/h2>\n\n<div class=\"wp-block-post-excerpt\"><p class=\"wp-block-post-excerpt__excerpt\">Una semana despu\u00e9s de la tragedia, la Justicia espera documentaci\u00f3n para ir al lugar. La topadora tiene una caja negra [&hellip;] <\/p><\/div>\n\n<div class=\"wp-block-post-date\"><time datetime=\"2026-04-12T21:25:00+00:00\">abril 12, 2026<\/time><\/div><\/div>\n\n<\/li><li class=\"wp-block-post post-19420 post type-post status-publish format-standard has-post-thumbnail hentry category-comunidad-minera tag-argentina tag-campamentos-mineros tag-capacitacion-minera-2 tag-cursos-mineros tag-empleo-minero tag-insercion-laboral-mineria tag-mineria-argentina-2 tag-noticias-de-mineria-2 tag-novedades-de-mineria tag-san-juan\">\n\n<div class=\"wp-block-group is-layout-flow wp-block-group-is-layout-flow\" style=\"padding-top:30px;padding-right:30px;padding-bottom:30px;padding-left:30px\"><h2 class=\"wp-block-post-title\"><a href=\"https:\/\/motivated-pink-iguana.187-127-10-185.cpanel.site\/2026\/04\/12\/cursos-mineria-san-juan-obreros-del-porvenir\/\" target=\"_self\" >Escuela Obreros del Porvenir: abren los cursos para trabajar en campamentos mineros<\/a><\/h2>\n\n<div class=\"wp-block-post-excerpt\"><p class=\"wp-block-post-excerpt__excerpt\">Con nuevos cupos y foco en mayores de 40, la Escuela Obreros del Porvenir lanza capacitaciones con salida laboral en campamentos. <\/p><\/div>\n\n<div class=\"wp-block-post-date\"><time datetime=\"2026-04-12T19:00:00+00:00\">abril 12, 2026<\/time><\/div><\/div>\n\n<\/li><li class=\"wp-block-post post-18778 post type-post status-publish format-standard has-post-thumbnail hentry category-comunidad-minera tag-bienestar-laboral tag-contencion-emocional tag-fatiga-mental tag-mineria tag-noticias-de-mineria tag-novedades-de-mineria tag-prevencion-de-riesgos tag-recursos-humanos-mineria tag-rosters-mineros tag-salud-mental-mineria tag-san-juan-minero tag-seguridad-psicologica tag-silvana-culjak\">\n\n<div class=\"wp-block-group is-layout-flow wp-block-group-is-layout-flow\" style=\"padding-top:30px;padding-right:30px;padding-bottom:30px;padding-left:30px\"><h2 class=\"wp-block-post-title\"><a href=\"https:\/\/motivated-pink-iguana.187-127-10-185.cpanel.site\/2026\/04\/12\/contencion-emocional-seguridad-minera-silvana-culjak\/\" target=\"_self\" >Seguridad psicol\u00f3gica en alta monta\u00f1a: el derecho a no estar bien para evitar accidentes<\/a><\/h2>\n\n<div class=\"wp-block-post-excerpt\"><p class=\"wp-block-post-excerpt__excerpt\">M\u00e1s all\u00e1 del descanso f\u00edsico: Silvana Culjak propone gestionar la salud mental como el verdadero blindaje de la seguridad minera moderna. <\/p><\/div>\n\n<div class=\"wp-block-post-date\"><time datetime=\"2026-04-12T13:00:00+00:00\">abril 12, 2026<\/time><\/div><\/div>\n\n<\/li><li class=\"wp-block-post post-19287 post type-post status-publish format-standard has-post-thumbnail hentry category-mineria-mundo tag-accidentes-mineros tag-control-de-perdidas tag-cultura-de-seguridad tag-enfermedades-ocupacionales tag-gestion-de-riesgos tag-liderazgo-en-mineria tag-mantenimiento-minero tag-mineria tag-mineria-latinoamericana tag-noticias-de-mineria tag-novedades-de-mineria tag-productividad-minera tag-riesgos-operativos-mineria tag-salud-ocupacional-mineria tag-seguridad-minera\">\n\n<div class=\"wp-block-group is-layout-flow wp-block-group-is-layout-flow\" style=\"padding-top:30px;padding-right:30px;padding-bottom:30px;padding-left:30px\"><h2 class=\"wp-block-post-title\"><a href=\"https:\/\/motivated-pink-iguana.187-127-10-185.cpanel.site\/2026\/04\/12\/seguridad-minera-moderna-control-perdidas\/\" target=\"_self\" >Seguridad minera y gesti\u00f3n de riesgos: la clave est\u00e1 en el control de p\u00e9rdidas<\/a><\/h2>\n\n<div class=\"wp-block-post-excerpt\"><p class=\"wp-block-post-excerpt__excerpt\">Una visi\u00f3n profunda sobre la seguridad minera actual: del simple cumplimiento normativo a una gesti\u00f3n de riesgos que garantiza sostenibilidad. <\/p><\/div>\n\n<div class=\"wp-block-post-date\"><time datetime=\"2026-04-12T10:00:00+00:00\">abril 12, 2026<\/time><\/div><\/div>\n\n<\/li><li class=\"wp-block-post post-18787 post type-post status-publish format-standard has-post-thumbnail hentry category-comunidad-minera tag-caleras-san-juan tag-clinica-el-castano tag-edith-flores tag-fundacion-mujer-en-la-mineria tag-horizonte-joven tag-inclusion-minera tag-liderazgo-femenino tag-mineria tag-mineria-sustentable-3 tag-mision-de-mujeres tag-noticias-de-mineria tag-novedades-de-mineria tag-san-juan\">\n\n<div class=\"wp-block-group is-layout-flow wp-block-group-is-layout-flow\" style=\"padding-top:30px;padding-right:30px;padding-bottom:30px;padding-left:30px\"><h2 class=\"wp-block-post-title\"><a href=\"https:\/\/motivated-pink-iguana.187-127-10-185.cpanel.site\/2026\/04\/12\/mision-de-mujeres-mineria-san-juan-liderazgo-inclusion\/\" target=\"_self\" >Misi\u00f3n de Mujeres: alianzas estrat\u00e9gicas para transformar la equidad en la miner\u00eda sanjuanina<\/a><\/h2>\n\n<div class=\"wp-block-post-excerpt\"><p class=\"wp-block-post-excerpt__excerpt\">Educaci\u00f3n, salud y liderazgo: la Fundaci\u00f3n Mujer en la Miner\u00eda sell\u00f3 alianzas estrat\u00e9gicas para fortalecer el capital humano femenino en San Juan. <\/p><\/div>\n\n<div class=\"wp-block-post-date\"><time datetime=\"2026-04-12T09:00:00+00:00\">abril 12, 2026<\/time><\/div><\/div>\n\n<\/li><li class=\"wp-block-post post-19333 post type-post status-publish format-standard has-post-thumbnail hentry category-mineria-mundo tag-competitividad-minera tag-desarrollo-minero tag-exploracion-minera tag-inversion-minera-2 tag-legislacion-minera tag-mineria-en-venezuela tag-mineria-latinoamerica tag-noticias-de-mineria-2 tag-novedades-de-mineria tag-proyectos-mineros tag-recursos-minerales\">\n\n<div class=\"wp-block-group is-layout-flow wp-block-group-is-layout-flow\" style=\"padding-top:30px;padding-right:30px;padding-bottom:30px;padding-left:30px\"><h2 class=\"wp-block-post-title\"><a href=\"https:\/\/motivated-pink-iguana.187-127-10-185.cpanel.site\/2026\/04\/11\/crisis-mineria-venezuela-ley-inversion\/\" target=\"_self\" >Venezuela: un gigante minero con los pies de barro y sin inversi\u00f3n real<\/a><\/h2>\n\n<div class=\"wp-block-post-excerpt\"><p class=\"wp-block-post-excerpt__excerpt\">Con proyectos operando al 10%, Venezuela debate una ley minera que a\u00fan no logra atraer el capital necesario para despegar. <\/p><\/div>\n\n<div class=\"wp-block-post-date\"><time datetime=\"2026-04-11T13:00:00+00:00\">abril 11, 2026<\/time><\/div><\/div>\n\n<\/li><\/ul><\/div>\n","protected":false},"excerpt":{"rendered":"","protected":false},"author":1,"featured_media":0,"parent":0,"menu_order":0,"comment_status":"closed","ping_status":"closed","template":"","meta":{"site-sidebar-layout":"no-sidebar","site-content-layout":"","ast-site-content-layout":"normal-width-container","site-content-style":"default","site-sidebar-style":"default","ast-global-header-display":"","ast-banner-title-visibility":"","ast-main-header-display":"","ast-hfb-above-header-display":"","ast-hfb-below-header-display":"","ast-hfb-mobile-header-display":"","site-post-title":"","ast-breadcrumbs-content":"","ast-featured-img":"disabled","footer-sml-layout":"","ast-disable-related-posts":"","theme-transparent-header-meta":"","adv-header-id-meta":"","stick-header-meta":"","header-above-stick-meta":"","header-main-stick-meta":"","header-below-stick-meta":"","astra-migrate-meta-layouts":"default","ast-page-background-enabled":"default","ast-page-background-meta":{"desktop":{"background-color":"var(--ast-global-color-5)","background-image":"","background-repeat":"repeat","background-position":"center center","background-size":"auto","background-attachment":"scroll","background-type":"","background-media":"","overlay-type":"","overlay-color":"","overlay-opacity":"","overlay-gradient":""},"tablet":{"background-color":"","background-image":"","background-repeat":"repeat","background-position":"center center","background-size":"auto","background-attachment":"scroll","background-type":"","background-media":"","overlay-type":"","overlay-color":"","overlay-opacity":"","overlay-gradient":""},"mobile":{"background-color":"","background-image":"","background-repeat":"repeat","background-position":"center center","background-size":"auto","background-attachment":"scroll","background-type":"","background-media":"","overlay-type":"","overlay-color":"","overlay-opacity":"","overlay-gradient":""}},"ast-content-background-meta":{"desktop":{"background-color":"var(--ast-global-color-4)","background-image":"","background-repeat":"repeat","background-position":"center center","background-size":"auto","background-attachment":"scroll","background-type":"","background-media":"","overlay-type":"","overlay-color":"","overlay-opacity":"","overlay-gradient":""},"tablet":{"background-color":"var(--ast-global-color-4)","background-image":"","background-repeat":"repeat","background-position":"center center","background-size":"auto","background-attachment":"scroll","background-type":"","background-media":"","overlay-type":"","overlay-color":"","overlay-opacity":"","overlay-gradient":""},"mobile":{"background-color":"var(--ast-global-color-4)","background-image":"","background-repeat":"repeat","background-position":"center center","background-size":"auto","background-attachment":"scroll","background-type":"","background-media":"","overlay-type":"","overlay-color":"","overlay-opacity":"","overlay-gradient":""}},"footnotes":""},"class_list":["post-18","page","type-page","status-publish","hentry"],"yoast_head":"<!-- This site is optimized with the Yoast SEO plugin v27.3 - https:\/\/yoast.com\/product\/yoast-seo-wordpress\/ -->\n<title>Inicio - Acero y Roca<\/title>\n<meta name=\"robots\" content=\"index, follow, max-snippet:-1, max-image-preview:large, max-video-preview:-1\" \/>\n<link rel=\"canonical\" href=\"https:\/\/motivated-pink-iguana.187-127-10-185.cpanel.site\/\" \/>\n<meta property=\"og:locale\" content=\"es_ES\" \/>\n<meta property=\"og:type\" content=\"article\" \/>\n<meta property=\"og:title\" content=\"Inicio - Acero y Roca\" \/>\n<meta property=\"og:url\" content=\"https:\/\/motivated-pink-iguana.187-127-10-185.cpanel.site\/\" \/>\n<meta property=\"og:site_name\" content=\"Acero y Roca\" \/>\n<meta property=\"article:modified_time\" content=\"2026-04-13T05:35:35+00:00\" \/>\n<meta name=\"twitter:card\" content=\"summary_large_image\" \/>\n<meta name=\"twitter:label1\" content=\"Tiempo de lectura\" \/>\n\t<meta name=\"twitter:data1\" content=\"1 minuto\" \/>\n<script type=\"application\/ld+json\" class=\"yoast-schema-graph\">{\"@context\":\"https:\\\/\\\/schema.org\",\"@graph\":[{\"@type\":\"WebPage\",\"@id\":\"https:\\\/\\\/motivated-pink-iguana.187-127-10-185.cpanel.site\\\/\",\"url\":\"https:\\\/\\\/motivated-pink-iguana.187-127-10-185.cpanel.site\\\/\",\"name\":\"Inicio - Acero y Roca\",\"isPartOf\":{\"@id\":\"https:\\\/\\\/motivated-pink-iguana.187-127-10-185.cpanel.site\\\/#website\"},\"datePublished\":\"2026-04-13T04:05:12+00:00\",\"dateModified\":\"2026-04-13T05:35:35+00:00\",\"breadcrumb\":{\"@id\":\"https:\\\/\\\/motivated-pink-iguana.187-127-10-185.cpanel.site\\\/#breadcrumb\"},\"inLanguage\":\"es\",\"potentialAction\":[{\"@type\":\"ReadAction\",\"target\":[\"https:\\\/\\\/motivated-pink-iguana.187-127-10-185.cpanel.site\\\/\"]}]},{\"@type\":\"BreadcrumbList\",\"@id\":\"https:\\\/\\\/motivated-pink-iguana.187-127-10-185.cpanel.site\\\/#breadcrumb\",\"itemListElement\":[{\"@type\":\"ListItem\",\"position\":1,\"name\":\"Portada\",\"item\":\"https:\\\/\\\/motivated-pink-iguana.187-127-10-185.cpanel.site\\\/\"},{\"@type\":\"ListItem\",\"position\":2,\"name\":\"Inicio\"}]},{\"@type\":\"WebSite\",\"@id\":\"https:\\\/\\\/motivated-pink-iguana.187-127-10-185.cpanel.site\\\/#website\",\"url\":\"https:\\\/\\\/motivated-pink-iguana.187-127-10-185.cpanel.site\\\/\",\"name\":\"Acero y Roca\",\"description\":\"\",\"publisher\":{\"@id\":\"https:\\\/\\\/motivated-pink-iguana.187-127-10-185.cpanel.site\\\/#organization\"},\"potentialAction\":[{\"@type\":\"SearchAction\",\"target\":{\"@type\":\"EntryPoint\",\"urlTemplate\":\"https:\\\/\\\/motivated-pink-iguana.187-127-10-185.cpanel.site\\\/?s={search_term_string}\"},\"query-input\":{\"@type\":\"PropertyValueSpecification\",\"valueRequired\":true,\"valueName\":\"search_term_string\"}}],\"inLanguage\":\"es\"},{\"@type\":\"Organization\",\"@id\":\"https:\\\/\\\/motivated-pink-iguana.187-127-10-185.cpanel.site\\\/#organization\",\"name\":\"Acero y Roca\",\"url\":\"https:\\\/\\\/motivated-pink-iguana.187-127-10-185.cpanel.site\\\/\",\"logo\":{\"@type\":\"ImageObject\",\"inLanguage\":\"es\",\"@id\":\"https:\\\/\\\/motivated-pink-iguana.187-127-10-185.cpanel.site\\\/#\\\/schema\\\/logo\\\/image\\\/\",\"url\":\"https:\\\/\\\/motivated-pink-iguana.187-127-10-185.cpanel.site\\\/wp-content\\\/uploads\\\/2026\\\/04\\\/logo_web.png\",\"contentUrl\":\"https:\\\/\\\/motivated-pink-iguana.187-127-10-185.cpanel.site\\\/wp-content\\\/uploads\\\/2026\\\/04\\\/logo_web.png\",\"width\":423,\"height\":134,\"caption\":\"Acero y Roca\"},\"image\":{\"@id\":\"https:\\\/\\\/motivated-pink-iguana.187-127-10-185.cpanel.site\\\/#\\\/schema\\\/logo\\\/image\\\/\"}}]}<\/script>\n<!-- \/ Yoast SEO plugin. -->","yoast_head_json":{"title":"Inicio - Acero y Roca","robots":{"index":"index","follow":"follow","max-snippet":"max-snippet:-1","max-image-preview":"max-image-preview:large","max-video-preview":"max-video-preview:-1"},"canonical":"https:\/\/motivated-pink-iguana.187-127-10-185.cpanel.site\/","og_locale":"es_ES","og_type":"article","og_title":"Inicio - Acero y Roca","og_url":"https:\/\/motivated-pink-iguana.187-127-10-185.cpanel.site\/","og_site_name":"Acero y Roca","article_modified_time":"2026-04-13T05:35:35+00:00","twitter_card":"summary_large_image","twitter_misc":{"Tiempo de lectura":"1 minuto"},"schema":{"@context":"https:\/\/schema.org","@graph":[{"@type":"WebPage","@id":"https:\/\/motivated-pink-iguana.187-127-10-185.cpanel.site\/","url":"https:\/\/motivated-pink-iguana.187-127-10-185.cpanel.site\/","name":"Inicio - Acero y Roca","isPartOf":{"@id":"https:\/\/motivated-pink-iguana.187-127-10-185.cpanel.site\/#website"},"datePublished":"2026-04-13T04:05:12+00:00","dateModified":"2026-04-13T05:35:35+00:00","breadcrumb":{"@id":"https:\/\/motivated-pink-iguana.187-127-10-185.cpanel.site\/#breadcrumb"},"inLanguage":"es","potentialAction":[{"@type":"ReadAction","target":["https:\/\/motivated-pink-iguana.187-127-10-185.cpanel.site\/"]}]},{"@type":"BreadcrumbList","@id":"https:\/\/motivated-pink-iguana.187-127-10-185.cpanel.site\/#breadcrumb","itemListElement":[{"@type":"ListItem","position":1,"name":"Portada","item":"https:\/\/motivated-pink-iguana.187-127-10-185.cpanel.site\/"},{"@type":"ListItem","position":2,"name":"Inicio"}]},{"@type":"WebSite","@id":"https:\/\/motivated-pink-iguana.187-127-10-185.cpanel.site\/#website","url":"https:\/\/motivated-pink-iguana.187-127-10-185.cpanel.site\/","name":"Acero y Roca","description":"","publisher":{"@id":"https:\/\/motivated-pink-iguana.187-127-10-185.cpanel.site\/#organization"},"potentialAction":[{"@type":"SearchAction","target":{"@type":"EntryPoint","urlTemplate":"https:\/\/motivated-pink-iguana.187-127-10-185.cpanel.site\/?s={search_term_string}"},"query-input":{"@type":"PropertyValueSpecification","valueRequired":true,"valueName":"search_term_string"}}],"inLanguage":"es"},{"@type":"Organization","@id":"https:\/\/motivated-pink-iguana.187-127-10-185.cpanel.site\/#organization","name":"Acero y Roca","url":"https:\/\/motivated-pink-iguana.187-127-10-185.cpanel.site\/","logo":{"@type":"ImageObject","inLanguage":"es","@id":"https:\/\/motivated-pink-iguana.187-127-10-185.cpanel.site\/#\/schema\/logo\/image\/","url":"https:\/\/motivated-pink-iguana.187-127-10-185.cpanel.site\/wp-content\/uploads\/2026\/04\/logo_web.png","contentUrl":"https:\/\/motivated-pink-iguana.187-127-10-185.cpanel.site\/wp-content\/uploads\/2026\/04\/logo_web.png","width":423,"height":134,"caption":"Acero y Roca"},"image":{"@id":"https:\/\/motivated-pink-iguana.187-127-10-185.cpanel.site\/#\/schema\/logo\/image\/"}}]}},"_links":{"self":[{"href":"https:\/\/motivated-pink-iguana.187-127-10-185.cpanel.site\/wp-json\/wp\/v2\/pages\/18","targetHints":{"allow":["GET"]}}],"collection":[{"href":"https:\/\/motivated-pink-iguana.187-127-10-185.cpanel.site\/wp-json\/wp\/v2\/pages"}],"about":[{"href":"https:\/\/motivated-pink-iguana.187-127-10-185.cpanel.site\/wp-json\/wp\/v2\/types\/page"}],"author":[{"embeddable":true,"href":"https:\/\/motivated-pink-iguana.187-127-10-185.cpanel.site\/wp-json\/wp\/v2\/users\/1"}],"replies":[{"embeddable":true,"href":"https:\/\/motivated-pink-iguana.187-127-10-185.cpanel.site\/wp-json\/wp\/v2\/comments?post=18"}],"version-history":[{"count":5,"href":"https:\/\/motivated-pink-iguana.187-127-10-185.cpanel.site\/wp-json\/wp\/v2\/pages\/18\/revisions"}],"predecessor-version":[{"id":19551,"href":"https:\/\/motivated-pink-iguana.187-127-10-185.cpanel.site\/wp-json\/wp\/v2\/pages\/18\/revisions\/19551"}],"wp:attachment":[{"href":"https:\/\/motivated-pink-iguana.187-127-10-185.cpanel.site\/wp-json\/wp\/v2\/media?parent=18"}],"curies":[{"name":"wp","href":"https:\/\/api.w.org\/{rel}","templated":true}]}}